{"id":276,"date":"2017-11-17T16:15:19","date_gmt":"2017-11-17T15:15:19","guid":{"rendered":"http:\/\/www.noep.de\/rhauptmann\/?page_id=276"},"modified":"2018-11-08T10:48:37","modified_gmt":"2018-11-08T09:48:37","slug":"steam-boiler-plant","status":"publish","type":"page","link":"https:\/\/www.r-hauptmann.de\/en\/steam-boiler-plant\/","title":{"rendered":"Steam Boiler Plant"},"content":{"rendered":"<h1>Steam Boiler Plant<\/h1>\n<p>We design and build complete turnkey plants in the industrial sector for the production and supply of steam, hot water and thermal oil in all pressure and power ranges.<\/p>\n<p>Depending on the customer`s wishes or technical conditions, we use boiler pressure vessels made by renowned German manufacturers. They are equipped with reputable products in accordance with the applicable standards and guidelines, such as DIN EN 12953 and the PED. Country-specific regulations can serve as a basis for export.<\/p>\n<p>We are represented in all sectors, e.g. in companies that focus on food processing, industrial laundries, lime sand brick and aerated concrete plants, and tank truck cleaning facilities.<\/p>\n","protected":false},"excerpt":{"rendered":"<p>Steam Boiler Plant We design and build complete turnkey plants in the industrial sector for the production and supply of steam, hot water and thermal oil<span class=\"excerpt-hellip\"> [\u2026]<\/span><\/p>\n","protected":false},"author":1,"featured_media":0,"parent":0,"menu_order":0,"comment_status":"closed","ping_status":"closed","template":"","meta":{"footnotes":""},"class_list":["post-276","page","type-page","status-publish","hentry"],"yoast_head":"<!-- This site is optimized with the Yoast SEO plugin v27.4 - https:\/\/yoast.com\/product\/yoast-seo-wordpress\/ -->\n<title>Steam Boiler Plant - Richard Hauptmann GmbH &amp; Co. KG Ingenieurb\u00fcro f\u00fcr industrielle W\u00e4rmetechnik und Anlagenbau<\/title>\n<meta name=\"robots\" content=\"index, follow, max-snippet:-1, max-image-preview:large, max-video-preview:-1\" \/>\n<link rel=\"canonical\" href=\"https:\/\/www.r-hauptmann.de\/en\/steam-boiler-plant\/\" \/>\n<meta property=\"og:locale\" content=\"en_US\" \/>\n<meta property=\"og:type\" content=\"article\" \/>\n<meta property=\"og:title\" content=\"Steam Boiler Plant - Richard Hauptmann GmbH &amp; Co. KG Ingenieurb\u00fcro f\u00fcr industrielle W\u00e4rmetechnik und Anlagenbau\" \/>\n<meta property=\"og:description\" content=\"Steam Boiler Plant We design and build complete turnkey plants in the industrial sector for the production and supply of steam, hot water and thermal oil [\u2026]\" \/>\n<meta property=\"og:url\" content=\"https:\/\/www.r-hauptmann.de\/en\/steam-boiler-plant\/\" \/>\n<meta property=\"og:site_name\" content=\"Richard Hauptmann GmbH &amp; Co. KG Ingenieurb\u00fcro f\u00fcr industrielle W\u00e4rmetechnik und Anlagenbau\" \/>\n<meta property=\"article:modified_time\" content=\"2018-11-08T09:48:37+00:00\" \/>\n<meta name=\"twitter:card\" content=\"summary_large_image\" \/>\n<meta name=\"twitter:label1\" content=\"Est. reading time\" \/>\n\t<meta name=\"twitter:data1\" content=\"1 minute\" \/>\n<script type=\"application\/ld+json\" class=\"yoast-schema-graph\">{\"@context\":\"https:\\\/\\\/schema.org\",\"@graph\":[{\"@type\":\"WebPage\",\"@id\":\"https:\\\/\\\/www.r-hauptmann.de\\\/en\\\/steam-boiler-plant\\\/\",\"url\":\"https:\\\/\\\/www.r-hauptmann.de\\\/en\\\/steam-boiler-plant\\\/\",\"name\":\"Steam Boiler Plant - Richard Hauptmann GmbH &amp; Co. KG Ingenieurb\u00fcro f\u00fcr industrielle W\u00e4rmetechnik und Anlagenbau\",\"isPartOf\":{\"@id\":\"https:\\\/\\\/www.r-hauptmann.de\\\/en\\\/#website\"},\"datePublished\":\"2017-11-17T15:15:19+00:00\",\"dateModified\":\"2018-11-08T09:48:37+00:00\",\"breadcrumb\":{\"@id\":\"https:\\\/\\\/www.r-hauptmann.de\\\/en\\\/steam-boiler-plant\\\/#breadcrumb\"},\"inLanguage\":\"en-US\",\"potentialAction\":[{\"@type\":\"ReadAction\",\"target\":[\"https:\\\/\\\/www.r-hauptmann.de\\\/en\\\/steam-boiler-plant\\\/\"]}]},{\"@type\":\"BreadcrumbList\",\"@id\":\"https:\\\/\\\/www.r-hauptmann.de\\\/en\\\/steam-boiler-plant\\\/#breadcrumb\",\"itemListElement\":[{\"@type\":\"ListItem\",\"position\":1,\"name\":\"Startseite\",\"item\":\"https:\\\/\\\/www.r-hauptmann.de\\\/en\\\/\"},{\"@type\":\"ListItem\",\"position\":2,\"name\":\"Steam Boiler Plant\"}]},{\"@type\":\"WebSite\",\"@id\":\"https:\\\/\\\/www.r-hauptmann.de\\\/en\\\/#website\",\"url\":\"https:\\\/\\\/www.r-hauptmann.de\\\/en\\\/\",\"name\":\"Richard Hauptmann GmbH &amp; Co. KG Ingenieurb\u00fcro f\u00fcr industrielle W\u00e4rmetechnik und Anlagenbau\",\"description\":\"\",\"potentialAction\":[{\"@type\":\"SearchAction\",\"target\":{\"@type\":\"EntryPoint\",\"urlTemplate\":\"https:\\\/\\\/www.r-hauptmann.de\\\/en\\\/?s={search_term_string}\"},\"query-input\":{\"@type\":\"PropertyValueSpecification\",\"valueRequired\":true,\"valueName\":\"search_term_string\"}}],\"inLanguage\":\"en-US\"}]}<\/script>\n<!-- \/ Yoast SEO plugin. -->","yoast_head_json":{"title":"Steam Boiler Plant - Richard Hauptmann GmbH &amp; Co. KG Ingenieurb\u00fcro f\u00fcr industrielle W\u00e4rmetechnik und Anlagenbau","robots":{"index":"index","follow":"follow","max-snippet":"max-snippet:-1","max-image-preview":"max-image-preview:large","max-video-preview":"max-video-preview:-1"},"canonical":"https:\/\/www.r-hauptmann.de\/en\/steam-boiler-plant\/","og_locale":"en_US","og_type":"article","og_title":"Steam Boiler Plant - Richard Hauptmann GmbH &amp; Co. KG Ingenieurb\u00fcro f\u00fcr industrielle W\u00e4rmetechnik und Anlagenbau","og_description":"Steam Boiler Plant We design and build complete turnkey plants in the industrial sector for the production and supply of steam, hot water and thermal oil [\u2026]","og_url":"https:\/\/www.r-hauptmann.de\/en\/steam-boiler-plant\/","og_site_name":"Richard Hauptmann GmbH &amp; Co. KG Ingenieurb\u00fcro f\u00fcr industrielle W\u00e4rmetechnik und Anlagenbau","article_modified_time":"2018-11-08T09:48:37+00:00","twitter_card":"summary_large_image","twitter_misc":{"Est. reading time":"1 minute"},"schema":{"@context":"https:\/\/schema.org","@graph":[{"@type":"WebPage","@id":"https:\/\/www.r-hauptmann.de\/en\/steam-boiler-plant\/","url":"https:\/\/www.r-hauptmann.de\/en\/steam-boiler-plant\/","name":"Steam Boiler Plant - Richard Hauptmann GmbH &amp; Co. KG Ingenieurb\u00fcro f\u00fcr industrielle W\u00e4rmetechnik und Anlagenbau","isPartOf":{"@id":"https:\/\/www.r-hauptmann.de\/en\/#website"},"datePublished":"2017-11-17T15:15:19+00:00","dateModified":"2018-11-08T09:48:37+00:00","breadcrumb":{"@id":"https:\/\/www.r-hauptmann.de\/en\/steam-boiler-plant\/#breadcrumb"},"inLanguage":"en-US","potentialAction":[{"@type":"ReadAction","target":["https:\/\/www.r-hauptmann.de\/en\/steam-boiler-plant\/"]}]},{"@type":"BreadcrumbList","@id":"https:\/\/www.r-hauptmann.de\/en\/steam-boiler-plant\/#breadcrumb","itemListElement":[{"@type":"ListItem","position":1,"name":"Startseite","item":"https:\/\/www.r-hauptmann.de\/en\/"},{"@type":"ListItem","position":2,"name":"Steam Boiler Plant"}]},{"@type":"WebSite","@id":"https:\/\/www.r-hauptmann.de\/en\/#website","url":"https:\/\/www.r-hauptmann.de\/en\/","name":"Richard Hauptmann GmbH &amp; Co. KG Ingenieurb\u00fcro f\u00fcr industrielle W\u00e4rmetechnik und Anlagenbau","description":"","potentialAction":[{"@type":"SearchAction","target":{"@type":"EntryPoint","urlTemplate":"https:\/\/www.r-hauptmann.de\/en\/?s={search_term_string}"},"query-input":{"@type":"PropertyValueSpecification","valueRequired":true,"valueName":"search_term_string"}}],"inLanguage":"en-US"}]}},"_links":{"self":[{"href":"https:\/\/www.r-hauptmann.de\/en\/wp-json\/wp\/v2\/pages\/276","targetHints":{"allow":["GET"]}}],"collection":[{"href":"https:\/\/www.r-hauptmann.de\/en\/wp-json\/wp\/v2\/pages"}],"about":[{"href":"https:\/\/www.r-hauptmann.de\/en\/wp-json\/wp\/v2\/types\/page"}],"author":[{"embeddable":true,"href":"https:\/\/www.r-hauptmann.de\/en\/wp-json\/wp\/v2\/users\/1"}],"replies":[{"embeddable":true,"href":"https:\/\/www.r-hauptmann.de\/en\/wp-json\/wp\/v2\/comments?post=276"}],"version-history":[{"count":2,"href":"https:\/\/www.r-hauptmann.de\/en\/wp-json\/wp\/v2\/pages\/276\/revisions"}],"predecessor-version":[{"id":573,"href":"https:\/\/www.r-hauptmann.de\/en\/wp-json\/wp\/v2\/pages\/276\/revisions\/573"}],"wp:attachment":[{"href":"https:\/\/www.r-hauptmann.de\/en\/wp-json\/wp\/v2\/media?parent=276"}],"curies":[{"name":"wp","href":"https:\/\/api.w.org\/{rel}","templated":true}]}}