{"id":545,"date":"2018-10-25T11:35:09","date_gmt":"2018-10-25T09:35:09","guid":{"rendered":"http:\/\/www.noep.de\/rhauptmann\/?page_id=545"},"modified":"2018-11-08T10:35:00","modified_gmt":"2018-11-08T09:35:00","slug":"engineering-services","status":"publish","type":"page","link":"https:\/\/www.r-hauptmann.de\/en\/engineering-services\/","title":{"rendered":"ENGINEERING SERVICES"},"content":{"rendered":"<h1>Engineering Services<\/h1>\n<p>When it comes to the field of industrial heat engineering and plant construction, we can advise you, perform all the calculations for you, and take the planning work off your hands.<\/p>\n<p>Among other things, we draw up professional, competent tenders, assist you with licensing procedures such as BImSch, or perform calculations relating to the industrial heating equipment, such as the test pressure for steam boilers, height calculations for chimney systems etc.<\/p>\n","protected":false},"excerpt":{"rendered":"<p>Engineering Services When it comes to the field of industrial heat engineering and plant construction, we can advise you, perform all the calculations for you, and<span class=\"excerpt-hellip\"> [\u2026]<\/span><\/p>\n","protected":false},"author":1,"featured_media":0,"parent":0,"menu_order":0,"comment_status":"closed","ping_status":"closed","template":"","meta":{"footnotes":""},"class_list":["post-545","page","type-page","status-publish","hentry"],"yoast_head":"<!-- This site is optimized with the Yoast SEO plugin v27.4 - https:\/\/yoast.com\/product\/yoast-seo-wordpress\/ -->\n<title>ENGINEERING SERVICES - Richard Hauptmann GmbH &amp; Co. KG Ingenieurb\u00fcro f\u00fcr industrielle W\u00e4rmetechnik und Anlagenbau<\/title>\n<meta name=\"robots\" content=\"index, follow, max-snippet:-1, max-image-preview:large, max-video-preview:-1\" \/>\n<link rel=\"canonical\" href=\"https:\/\/www.r-hauptmann.de\/en\/engineering-services\/\" \/>\n<meta property=\"og:locale\" content=\"en_US\" \/>\n<meta property=\"og:type\" content=\"article\" \/>\n<meta property=\"og:title\" content=\"ENGINEERING SERVICES - Richard Hauptmann GmbH &amp; Co. KG Ingenieurb\u00fcro f\u00fcr industrielle W\u00e4rmetechnik und Anlagenbau\" \/>\n<meta property=\"og:description\" content=\"Engineering Services When it comes to the field of industrial heat engineering and plant construction, we can advise you, perform all the calculations for you, and [\u2026]\" \/>\n<meta property=\"og:url\" content=\"https:\/\/www.r-hauptmann.de\/en\/engineering-services\/\" \/>\n<meta property=\"og:site_name\" content=\"Richard Hauptmann GmbH &amp; Co. KG Ingenieurb\u00fcro f\u00fcr industrielle W\u00e4rmetechnik und Anlagenbau\" \/>\n<meta property=\"article:modified_time\" content=\"2018-11-08T09:35:00+00:00\" \/>\n<meta name=\"twitter:card\" content=\"summary_large_image\" \/>\n<script type=\"application\/ld+json\" class=\"yoast-schema-graph\">{\"@context\":\"https:\\\/\\\/schema.org\",\"@graph\":[{\"@type\":\"WebPage\",\"@id\":\"https:\\\/\\\/www.r-hauptmann.de\\\/en\\\/engineering-services\\\/\",\"url\":\"https:\\\/\\\/www.r-hauptmann.de\\\/en\\\/engineering-services\\\/\",\"name\":\"ENGINEERING SERVICES - Richard Hauptmann GmbH &amp; Co. KG Ingenieurb\u00fcro f\u00fcr industrielle W\u00e4rmetechnik und Anlagenbau\",\"isPartOf\":{\"@id\":\"https:\\\/\\\/www.r-hauptmann.de\\\/en\\\/#website\"},\"datePublished\":\"2018-10-25T09:35:09+00:00\",\"dateModified\":\"2018-11-08T09:35:00+00:00\",\"breadcrumb\":{\"@id\":\"https:\\\/\\\/www.r-hauptmann.de\\\/en\\\/engineering-services\\\/#breadcrumb\"},\"inLanguage\":\"en-US\",\"potentialAction\":[{\"@type\":\"ReadAction\",\"target\":[\"https:\\\/\\\/www.r-hauptmann.de\\\/en\\\/engineering-services\\\/\"]}]},{\"@type\":\"BreadcrumbList\",\"@id\":\"https:\\\/\\\/www.r-hauptmann.de\\\/en\\\/engineering-services\\\/#breadcrumb\",\"itemListElement\":[{\"@type\":\"ListItem\",\"position\":1,\"name\":\"Startseite\",\"item\":\"https:\\\/\\\/www.r-hauptmann.de\\\/en\\\/\"},{\"@type\":\"ListItem\",\"position\":2,\"name\":\"ENGINEERING SERVICES\"}]},{\"@type\":\"WebSite\",\"@id\":\"https:\\\/\\\/www.r-hauptmann.de\\\/en\\\/#website\",\"url\":\"https:\\\/\\\/www.r-hauptmann.de\\\/en\\\/\",\"name\":\"Richard Hauptmann GmbH &amp; Co. KG Ingenieurb\u00fcro f\u00fcr industrielle W\u00e4rmetechnik und Anlagenbau\",\"description\":\"\",\"potentialAction\":[{\"@type\":\"SearchAction\",\"target\":{\"@type\":\"EntryPoint\",\"urlTemplate\":\"https:\\\/\\\/www.r-hauptmann.de\\\/en\\\/?s={search_term_string}\"},\"query-input\":{\"@type\":\"PropertyValueSpecification\",\"valueRequired\":true,\"valueName\":\"search_term_string\"}}],\"inLanguage\":\"en-US\"}]}<\/script>\n<!-- \/ Yoast SEO plugin. -->","yoast_head_json":{"title":"ENGINEERING SERVICES - Richard Hauptmann GmbH &amp; Co. KG Ingenieurb\u00fcro f\u00fcr industrielle W\u00e4rmetechnik und Anlagenbau","robots":{"index":"index","follow":"follow","max-snippet":"max-snippet:-1","max-image-preview":"max-image-preview:large","max-video-preview":"max-video-preview:-1"},"canonical":"https:\/\/www.r-hauptmann.de\/en\/engineering-services\/","og_locale":"en_US","og_type":"article","og_title":"ENGINEERING SERVICES - Richard Hauptmann GmbH &amp; Co. KG Ingenieurb\u00fcro f\u00fcr industrielle W\u00e4rmetechnik und Anlagenbau","og_description":"Engineering Services When it comes to the field of industrial heat engineering and plant construction, we can advise you, perform all the calculations for you, and [\u2026]","og_url":"https:\/\/www.r-hauptmann.de\/en\/engineering-services\/","og_site_name":"Richard Hauptmann GmbH &amp; Co. KG Ingenieurb\u00fcro f\u00fcr industrielle W\u00e4rmetechnik und Anlagenbau","article_modified_time":"2018-11-08T09:35:00+00:00","twitter_card":"summary_large_image","schema":{"@context":"https:\/\/schema.org","@graph":[{"@type":"WebPage","@id":"https:\/\/www.r-hauptmann.de\/en\/engineering-services\/","url":"https:\/\/www.r-hauptmann.de\/en\/engineering-services\/","name":"ENGINEERING SERVICES - Richard Hauptmann GmbH &amp; Co. KG Ingenieurb\u00fcro f\u00fcr industrielle W\u00e4rmetechnik und Anlagenbau","isPartOf":{"@id":"https:\/\/www.r-hauptmann.de\/en\/#website"},"datePublished":"2018-10-25T09:35:09+00:00","dateModified":"2018-11-08T09:35:00+00:00","breadcrumb":{"@id":"https:\/\/www.r-hauptmann.de\/en\/engineering-services\/#breadcrumb"},"inLanguage":"en-US","potentialAction":[{"@type":"ReadAction","target":["https:\/\/www.r-hauptmann.de\/en\/engineering-services\/"]}]},{"@type":"BreadcrumbList","@id":"https:\/\/www.r-hauptmann.de\/en\/engineering-services\/#breadcrumb","itemListElement":[{"@type":"ListItem","position":1,"name":"Startseite","item":"https:\/\/www.r-hauptmann.de\/en\/"},{"@type":"ListItem","position":2,"name":"ENGINEERING SERVICES"}]},{"@type":"WebSite","@id":"https:\/\/www.r-hauptmann.de\/en\/#website","url":"https:\/\/www.r-hauptmann.de\/en\/","name":"Richard Hauptmann GmbH &amp; Co. KG Ingenieurb\u00fcro f\u00fcr industrielle W\u00e4rmetechnik und Anlagenbau","description":"","potentialAction":[{"@type":"SearchAction","target":{"@type":"EntryPoint","urlTemplate":"https:\/\/www.r-hauptmann.de\/en\/?s={search_term_string}"},"query-input":{"@type":"PropertyValueSpecification","valueRequired":true,"valueName":"search_term_string"}}],"inLanguage":"en-US"}]}},"_links":{"self":[{"href":"https:\/\/www.r-hauptmann.de\/en\/wp-json\/wp\/v2\/pages\/545","targetHints":{"allow":["GET"]}}],"collection":[{"href":"https:\/\/www.r-hauptmann.de\/en\/wp-json\/wp\/v2\/pages"}],"about":[{"href":"https:\/\/www.r-hauptmann.de\/en\/wp-json\/wp\/v2\/types\/page"}],"author":[{"embeddable":true,"href":"https:\/\/www.r-hauptmann.de\/en\/wp-json\/wp\/v2\/users\/1"}],"replies":[{"embeddable":true,"href":"https:\/\/www.r-hauptmann.de\/en\/wp-json\/wp\/v2\/comments?post=545"}],"version-history":[{"count":4,"href":"https:\/\/www.r-hauptmann.de\/en\/wp-json\/wp\/v2\/pages\/545\/revisions"}],"predecessor-version":[{"id":670,"href":"https:\/\/www.r-hauptmann.de\/en\/wp-json\/wp\/v2\/pages\/545\/revisions\/670"}],"wp:attachment":[{"href":"https:\/\/www.r-hauptmann.de\/en\/wp-json\/wp\/v2\/media?parent=545"}],"curies":[{"name":"wp","href":"https:\/\/api.w.org\/{rel}","templated":true}]}}