{"id":551,"date":"2018-10-25T11:38:16","date_gmt":"2018-10-25T09:38:16","guid":{"rendered":"http:\/\/www.noep.de\/rhauptmann\/?page_id=551"},"modified":"2018-11-08T10:36:23","modified_gmt":"2018-11-08T09:36:23","slug":"links","status":"publish","type":"page","link":"https:\/\/www.r-hauptmann.de\/en\/links\/","title":{"rendered":"LINKS"},"content":{"rendered":"<h1>Links<\/h1>\n<p>&nbsp;<\/p>\n<table style=\"height: 447px; width: 98.1076%; border-collapse: collapse; border-style: none;\" border=\"0\">\n<tbody>\n<tr>\n<td style=\"width: 34.2662%;\">For information about our town<\/td>\n<td style=\"width: 28.3361%; height: 23px;\"><a href=\"http:\/\/www.bremen.de\/\" target=\"_blank\" rel=\"noopener\"><img loading=\"lazy\" decoding=\"async\" class=\"alignnone size-full wp-image-452\" src=\"https:\/\/www.r-hauptmann.de\/wp-content\/uploads\/2018\/09\/bremen_link.gif\" alt=\"\" width=\"60\" height=\"90\" srcset=\"https:\/\/www.r-hauptmann.de\/wp-content\/uploads\/2018\/09\/bremen_link.gif 60w, https:\/\/www.r-hauptmann.de\/wp-content\/uploads\/2018\/09\/bremen_link-33x50.gif 33w, https:\/\/www.r-hauptmann.de\/wp-content\/uploads\/2018\/09\/bremen_link-50x75.gif 50w\" sizes=\"auto, (max-width:767px) 60px, 60px\" \/><\/a><\/td>\n<td style=\"width: 35.5053%; height: 23px; text-align: left;\"><a href=\"http:\/\/www.bremen.de\/\" target=\"_blank\" rel=\"noopener\">www.bremen.de\u00a0<\/a><\/td>\n<\/tr>\n<tr>\n<td style=\"width: 34.2662%;\">For information about our district<\/td>\n<td style=\"width: 28.3361%; height: 157px;\"><img loading=\"lazy\" decoding=\"async\" class=\"alignnone wp-image-446\" src=\"https:\/\/www.r-hauptmann.de\/wp-content\/uploads\/2018\/09\/logo_hbn.png\" alt=\"\" width=\"151\" height=\"151\" srcset=\"https:\/\/www.r-hauptmann.de\/wp-content\/uploads\/2018\/09\/logo_hbn.png 160w, https:\/\/www.r-hauptmann.de\/wp-content\/uploads\/2018\/09\/logo_hbn-150x150.png 150w, https:\/\/www.r-hauptmann.de\/wp-content\/uploads\/2018\/09\/logo_hbn-146x146.png 146w, https:\/\/www.r-hauptmann.de\/wp-content\/uploads\/2018\/09\/logo_hbn-50x50.png 50w, https:\/\/www.r-hauptmann.de\/wp-content\/uploads\/2018\/09\/logo_hbn-75x75.png 75w, https:\/\/www.r-hauptmann.de\/wp-content\/uploads\/2018\/09\/logo_hbn-85x85.png 85w, https:\/\/www.r-hauptmann.de\/wp-content\/uploads\/2018\/09\/logo_hbn-80x80.png 80w\" sizes=\"auto, (max-width:767px) 151px, 151px\" \/><\/td>\n<td style=\"width: 35.5053%; height: 157px; text-align: left;\"><a href=\"http:\/\/www.bremen-nord.de\/\" target=\"_blank\" rel=\"noopener\">www.bremen-nord.de<\/a><\/td>\n<\/tr>\n<tr>\n<td style=\"width: 34.2662%;\">All sorts of information about energy<\/td>\n<td style=\"width: 28.3361%; height: 27px;\"><img loading=\"lazy\" decoding=\"async\" class=\"alignnone size-full wp-image-448\" src=\"https:\/\/www.r-hauptmann.de\/wp-content\/uploads\/2018\/09\/a_Energielinks.gif\" alt=\"\" width=\"136\" height=\"21\" srcset=\"https:\/\/www.r-hauptmann.de\/wp-content\/uploads\/2018\/09\/a_Energielinks.gif 136w, https:\/\/www.r-hauptmann.de\/wp-content\/uploads\/2018\/09\/a_Energielinks-50x8.gif 50w\" sizes=\"auto, (max-width:767px) 136px, 136px\" \/><\/td>\n<td style=\"width: 35.5053%; height: 27px; text-align: left;\"><a href=\"http:\/\/www.energielinks.de\/\" target=\"_blank\" rel=\"noopener\">www.energielinks.de<\/a><\/td>\n<\/tr>\n<tr>\n<td style=\"width: 34.2662%;\">All the latest regulations<\/td>\n<td style=\"width: 28.3361%; height: 40px;\"><img loading=\"lazy\" decoding=\"async\" class=\"alignnone size-full wp-image-450\" src=\"https:\/\/www.r-hauptmann.de\/wp-content\/uploads\/2018\/09\/logo_dgrl_link.gif\" alt=\"\" width=\"114\" height=\"34\" srcset=\"https:\/\/www.r-hauptmann.de\/wp-content\/uploads\/2018\/09\/logo_dgrl_link.gif 114w, https:\/\/www.r-hauptmann.de\/wp-content\/uploads\/2018\/09\/logo_dgrl_link-50x15.gif 50w\" sizes=\"auto, (max-width:767px) 114px, 114px\" \/><\/td>\n<td style=\"width: 35.5053%; height: 40px; text-align: left;\"><a href=\"http:\/\/www.druckgeraete-online.de\/\" target=\"_blank\" rel=\"noopener\">www.druckgeraete-online.de<\/a><\/td>\n<\/tr>\n<tr>\n<td style=\"width: 34.2662%;\">Our partners<\/td>\n<td style=\"width: 28.3361%; height: 76px;\"><img loading=\"lazy\" decoding=\"async\" class=\"alignnone size-full wp-image-444\" src=\"https:\/\/www.r-hauptmann.de\/wp-content\/uploads\/2018\/09\/logo_150_TUV.jpg\" alt=\"\" width=\"150\" height=\"70\" srcset=\"https:\/\/www.r-hauptmann.de\/wp-content\/uploads\/2018\/09\/logo_150_TUV.jpg 150w, https:\/\/www.r-hauptmann.de\/wp-content\/uploads\/2018\/09\/logo_150_TUV-50x23.jpg 50w\" sizes=\"auto, (max-width:767px) 150px, 150px\" \/><\/td>\n<td style=\"width: 35.5053%; height: 76px; text-align: left;\"><a href=\"http:\/\/www.tuev-nord.de\/\" target=\"_blank\" rel=\"noopener\">www.tuev-nord.de<\/a><\/td>\n<\/tr>\n<tr>\n<td style=\"width: 34.2662%;\">Competent manufacturer of boilers, hot water boilers and steam boilers<\/td>\n<td style=\"width: 28.3361%; height: 24px;\"><img loading=\"lazy\" decoding=\"async\" class=\"alignnone size-full wp-image-454\" src=\"https:\/\/www.r-hauptmann.de\/wp-content\/uploads\/2018\/09\/bosch_logo_de.png\" alt=\"\" width=\"262\" height=\"126\" srcset=\"https:\/\/www.r-hauptmann.de\/wp-content\/uploads\/2018\/09\/bosch_logo_de.png 262w, https:\/\/www.r-hauptmann.de\/wp-content\/uploads\/2018\/09\/bosch_logo_de-260x125.png 260w, https:\/\/www.r-hauptmann.de\/wp-content\/uploads\/2018\/09\/bosch_logo_de-50x24.png 50w, https:\/\/www.r-hauptmann.de\/wp-content\/uploads\/2018\/09\/bosch_logo_de-150x72.png 150w\" sizes=\"auto, (max-width:767px) 262px, 262px\" \/><\/td>\n<td style=\"width: 35.5053%; height: 24px; text-align: left;\"><a href=\"http:\/\/www.bosch-industrial.com\/de\/\" target=\"_blank\" rel=\"noopener\">www.bosch-industrial.com\/de<\/a><\/td>\n<\/tr>\n<tr>\n<td style=\"width: 34.2662%;\">Competent manufacturer of boilers, hot water boilers and steam boilers<\/td>\n<td style=\"width: 28.3361%; height: 100px;\"><img loading=\"lazy\" decoding=\"async\" class=\"alignnone size-medium wp-image-442\" src=\"https:\/\/www.r-hauptmann.de\/wp-content\/uploads\/2018\/09\/viessmann-logo-300x165.png\" alt=\"\" width=\"300\" height=\"165\" srcset=\"https:\/\/www.r-hauptmann.de\/wp-content\/uploads\/2018\/09\/viessmann-logo-300x165.png 300w, https:\/\/www.r-hauptmann.de\/wp-content\/uploads\/2018\/09\/viessmann-logo-260x143.png 260w, https:\/\/www.r-hauptmann.de\/wp-content\/uploads\/2018\/09\/viessmann-logo-50x27.png 50w, https:\/\/www.r-hauptmann.de\/wp-content\/uploads\/2018\/09\/viessmann-logo-137x75.png 137w, https:\/\/www.r-hauptmann.de\/wp-content\/uploads\/2018\/09\/viessmann-logo.png 328w\" sizes=\"auto, (max-width:767px) 300px, 300px\" \/><\/td>\n<td style=\"width: 35.5053%; height: 100px; text-align: left;\"><a href=\"http:\/\/www.viessmann.de\/\">www.viessmann.de<\/a><\/td>\n<\/tr>\n<\/tbody>\n<\/table>\n<p>&nbsp;<\/p>\n<p>&nbsp;<\/p>\n","protected":false},"excerpt":{"rendered":"<p>Links &nbsp; For information about our town www.bremen.de\u00a0 For information about our district www.bremen-nord.de All sorts of information about energy www.energielinks.de All the latest regulations www.druckgeraete-online.de<span class=\"excerpt-hellip\"> [\u2026]<\/span><\/p>\n","protected":false},"author":1,"featured_media":0,"parent":0,"menu_order":0,"comment_status":"closed","ping_status":"closed","template":"","meta":{"footnotes":""},"class_list":["post-551","page","type-page","status-publish","hentry"],"yoast_head":"<!-- This site is optimized with the Yoast SEO plugin v27.4 - https:\/\/yoast.com\/product\/yoast-seo-wordpress\/ -->\n<title>LINKS - Richard Hauptmann GmbH &amp; Co. KG Ingenieurb\u00fcro f\u00fcr industrielle W\u00e4rmetechnik und Anlagenbau<\/title>\n<meta name=\"robots\" content=\"index, follow, max-snippet:-1, max-image-preview:large, max-video-preview:-1\" \/>\n<link rel=\"canonical\" href=\"https:\/\/www.r-hauptmann.de\/en\/links\/\" \/>\n<meta property=\"og:locale\" content=\"en_US\" \/>\n<meta property=\"og:type\" content=\"article\" \/>\n<meta property=\"og:title\" content=\"LINKS - Richard Hauptmann GmbH &amp; Co. KG Ingenieurb\u00fcro f\u00fcr industrielle W\u00e4rmetechnik und Anlagenbau\" \/>\n<meta property=\"og:description\" content=\"Links &nbsp; For information about our town www.bremen.de\u00a0 For information about our district www.bremen-nord.de All sorts of information about energy www.energielinks.de All the latest regulations www.druckgeraete-online.de [\u2026]\" \/>\n<meta property=\"og:url\" content=\"https:\/\/www.r-hauptmann.de\/en\/links\/\" \/>\n<meta property=\"og:site_name\" content=\"Richard Hauptmann GmbH &amp; Co. KG Ingenieurb\u00fcro f\u00fcr industrielle W\u00e4rmetechnik und Anlagenbau\" \/>\n<meta property=\"article:modified_time\" content=\"2018-11-08T09:36:23+00:00\" \/>\n<meta property=\"og:image\" content=\"https:\/\/www.r-hauptmann.de\/wp-content\/uploads\/2018\/09\/bremen_link.gif\" \/>\n<meta name=\"twitter:card\" content=\"summary_large_image\" \/>\n<script type=\"application\/ld+json\" class=\"yoast-schema-graph\">{\"@context\":\"https:\\\/\\\/schema.org\",\"@graph\":[{\"@type\":\"WebPage\",\"@id\":\"https:\\\/\\\/www.r-hauptmann.de\\\/en\\\/links\\\/\",\"url\":\"https:\\\/\\\/www.r-hauptmann.de\\\/en\\\/links\\\/\",\"name\":\"LINKS - Richard Hauptmann GmbH &amp; Co. KG Ingenieurb\u00fcro f\u00fcr industrielle W\u00e4rmetechnik und Anlagenbau\",\"isPartOf\":{\"@id\":\"https:\\\/\\\/www.r-hauptmann.de\\\/en\\\/#website\"},\"primaryImageOfPage\":{\"@id\":\"https:\\\/\\\/www.r-hauptmann.de\\\/en\\\/links\\\/#primaryimage\"},\"image\":{\"@id\":\"https:\\\/\\\/www.r-hauptmann.de\\\/en\\\/links\\\/#primaryimage\"},\"thumbnailUrl\":\"https:\\\/\\\/www.r-hauptmann.de\\\/wp-content\\\/uploads\\\/2018\\\/09\\\/bremen_link.gif\",\"datePublished\":\"2018-10-25T09:38:16+00:00\",\"dateModified\":\"2018-11-08T09:36:23+00:00\",\"breadcrumb\":{\"@id\":\"https:\\\/\\\/www.r-hauptmann.de\\\/en\\\/links\\\/#breadcrumb\"},\"inLanguage\":\"en-US\",\"potentialAction\":[{\"@type\":\"ReadAction\",\"target\":[\"https:\\\/\\\/www.r-hauptmann.de\\\/en\\\/links\\\/\"]}]},{\"@type\":\"ImageObject\",\"inLanguage\":\"en-US\",\"@id\":\"https:\\\/\\\/www.r-hauptmann.de\\\/en\\\/links\\\/#primaryimage\",\"url\":\"https:\\\/\\\/www.r-hauptmann.de\\\/wp-content\\\/uploads\\\/2018\\\/09\\\/bremen_link.gif\",\"contentUrl\":\"https:\\\/\\\/www.r-hauptmann.de\\\/wp-content\\\/uploads\\\/2018\\\/09\\\/bremen_link.gif\"},{\"@type\":\"BreadcrumbList\",\"@id\":\"https:\\\/\\\/www.r-hauptmann.de\\\/en\\\/links\\\/#breadcrumb\",\"itemListElement\":[{\"@type\":\"ListItem\",\"position\":1,\"name\":\"Startseite\",\"item\":\"https:\\\/\\\/www.r-hauptmann.de\\\/en\\\/\"},{\"@type\":\"ListItem\",\"position\":2,\"name\":\"LINKS\"}]},{\"@type\":\"WebSite\",\"@id\":\"https:\\\/\\\/www.r-hauptmann.de\\\/en\\\/#website\",\"url\":\"https:\\\/\\\/www.r-hauptmann.de\\\/en\\\/\",\"name\":\"Richard Hauptmann GmbH &amp; Co. KG Ingenieurb\u00fcro f\u00fcr industrielle W\u00e4rmetechnik und Anlagenbau\",\"description\":\"\",\"potentialAction\":[{\"@type\":\"SearchAction\",\"target\":{\"@type\":\"EntryPoint\",\"urlTemplate\":\"https:\\\/\\\/www.r-hauptmann.de\\\/en\\\/?s={search_term_string}\"},\"query-input\":{\"@type\":\"PropertyValueSpecification\",\"valueRequired\":true,\"valueName\":\"search_term_string\"}}],\"inLanguage\":\"en-US\"}]}<\/script>\n<!-- \/ Yoast SEO plugin. -->","yoast_head_json":{"title":"LINKS - Richard Hauptmann GmbH &amp; Co. KG Ingenieurb\u00fcro f\u00fcr industrielle W\u00e4rmetechnik und Anlagenbau","robots":{"index":"index","follow":"follow","max-snippet":"max-snippet:-1","max-image-preview":"max-image-preview:large","max-video-preview":"max-video-preview:-1"},"canonical":"https:\/\/www.r-hauptmann.de\/en\/links\/","og_locale":"en_US","og_type":"article","og_title":"LINKS - Richard Hauptmann GmbH &amp; Co. KG Ingenieurb\u00fcro f\u00fcr industrielle W\u00e4rmetechnik und Anlagenbau","og_description":"Links &nbsp; For information about our town www.bremen.de\u00a0 For information about our district www.bremen-nord.de All sorts of information about energy www.energielinks.de All the latest regulations www.druckgeraete-online.de [\u2026]","og_url":"https:\/\/www.r-hauptmann.de\/en\/links\/","og_site_name":"Richard Hauptmann GmbH &amp; Co. KG Ingenieurb\u00fcro f\u00fcr industrielle W\u00e4rmetechnik und Anlagenbau","article_modified_time":"2018-11-08T09:36:23+00:00","og_image":[{"url":"https:\/\/www.r-hauptmann.de\/wp-content\/uploads\/2018\/09\/bremen_link.gif","type":"","width":"","height":""}],"twitter_card":"summary_large_image","schema":{"@context":"https:\/\/schema.org","@graph":[{"@type":"WebPage","@id":"https:\/\/www.r-hauptmann.de\/en\/links\/","url":"https:\/\/www.r-hauptmann.de\/en\/links\/","name":"LINKS - Richard Hauptmann GmbH &amp; Co. KG Ingenieurb\u00fcro f\u00fcr industrielle W\u00e4rmetechnik und Anlagenbau","isPartOf":{"@id":"https:\/\/www.r-hauptmann.de\/en\/#website"},"primaryImageOfPage":{"@id":"https:\/\/www.r-hauptmann.de\/en\/links\/#primaryimage"},"image":{"@id":"https:\/\/www.r-hauptmann.de\/en\/links\/#primaryimage"},"thumbnailUrl":"https:\/\/www.r-hauptmann.de\/wp-content\/uploads\/2018\/09\/bremen_link.gif","datePublished":"2018-10-25T09:38:16+00:00","dateModified":"2018-11-08T09:36:23+00:00","breadcrumb":{"@id":"https:\/\/www.r-hauptmann.de\/en\/links\/#breadcrumb"},"inLanguage":"en-US","potentialAction":[{"@type":"ReadAction","target":["https:\/\/www.r-hauptmann.de\/en\/links\/"]}]},{"@type":"ImageObject","inLanguage":"en-US","@id":"https:\/\/www.r-hauptmann.de\/en\/links\/#primaryimage","url":"https:\/\/www.r-hauptmann.de\/wp-content\/uploads\/2018\/09\/bremen_link.gif","contentUrl":"https:\/\/www.r-hauptmann.de\/wp-content\/uploads\/2018\/09\/bremen_link.gif"},{"@type":"BreadcrumbList","@id":"https:\/\/www.r-hauptmann.de\/en\/links\/#breadcrumb","itemListElement":[{"@type":"ListItem","position":1,"name":"Startseite","item":"https:\/\/www.r-hauptmann.de\/en\/"},{"@type":"ListItem","position":2,"name":"LINKS"}]},{"@type":"WebSite","@id":"https:\/\/www.r-hauptmann.de\/en\/#website","url":"https:\/\/www.r-hauptmann.de\/en\/","name":"Richard Hauptmann GmbH &amp; Co. KG Ingenieurb\u00fcro f\u00fcr industrielle W\u00e4rmetechnik und Anlagenbau","description":"","potentialAction":[{"@type":"SearchAction","target":{"@type":"EntryPoint","urlTemplate":"https:\/\/www.r-hauptmann.de\/en\/?s={search_term_string}"},"query-input":{"@type":"PropertyValueSpecification","valueRequired":true,"valueName":"search_term_string"}}],"inLanguage":"en-US"}]}},"_links":{"self":[{"href":"https:\/\/www.r-hauptmann.de\/en\/wp-json\/wp\/v2\/pages\/551","targetHints":{"allow":["GET"]}}],"collection":[{"href":"https:\/\/www.r-hauptmann.de\/en\/wp-json\/wp\/v2\/pages"}],"about":[{"href":"https:\/\/www.r-hauptmann.de\/en\/wp-json\/wp\/v2\/types\/page"}],"author":[{"embeddable":true,"href":"https:\/\/www.r-hauptmann.de\/en\/wp-json\/wp\/v2\/users\/1"}],"replies":[{"embeddable":true,"href":"https:\/\/www.r-hauptmann.de\/en\/wp-json\/wp\/v2\/comments?post=551"}],"version-history":[{"count":3,"href":"https:\/\/www.r-hauptmann.de\/en\/wp-json\/wp\/v2\/pages\/551\/revisions"}],"predecessor-version":[{"id":652,"href":"https:\/\/www.r-hauptmann.de\/en\/wp-json\/wp\/v2\/pages\/551\/revisions\/652"}],"wp:attachment":[{"href":"https:\/\/www.r-hauptmann.de\/en\/wp-json\/wp\/v2\/media?parent=551"}],"curies":[{"name":"wp","href":"https:\/\/api.w.org\/{rel}","templated":true}]}}