{"id":553,"date":"2018-10-25T11:38:59","date_gmt":"2018-10-25T09:38:59","guid":{"rendered":"http:\/\/www.noep.de\/rhauptmann\/?page_id=553"},"modified":"2018-11-08T10:35:42","modified_gmt":"2018-11-08T09:35:42","slug":"imprint","status":"publish","type":"page","link":"https:\/\/www.r-hauptmann.de\/en\/imprint\/","title":{"rendered":"IMPRINT"},"content":{"rendered":"<h1>Imprint<\/h1>\n<p><strong>Published by:<\/strong><\/p>\n<p>Richard Hauptmann GmbH &amp; Co. KG<br \/>\nHerbartstra\u00dfe 5<br \/>\nD-28757 Bremen<\/p>\n<p>Tel.: +49 421 666 096<br \/>\nFax: +49 421 666 084<br \/>\neMail:\u00a0\u00a0 <a href=\"mailto:webmaster@r-hauptmann.de\">webmaster@r-hauptmann.de<\/a><\/p>\n<p><strong>VAT ID No.:<\/strong> DE814151069<\/p>\n<p><strong>District court:<\/strong> Bremen HRA 23531 HB<\/p>\n<p><strong>Managing Director:<\/strong> Christian Hauptmann, M.Sc. Eng.<\/p>\n<p><strong>Fully liable partner:<\/strong> Hauptmann Beteiligungsgesellschaft mbH, Bremen<\/p>\n<p><strong>Court of registration:<\/strong> Bremen HRB 22180<\/p>\n<p>&nbsp;<\/p>\n<p><strong>Legal notice:<br \/>\n<\/strong>The contents of the website of Richard Hauptmann GmbH &amp; Co. KG have been compiled with the utmost care. However, Richard Hauptmann GmbH &amp; Co. KG cannot accept any liability for any incorrect or incomplete data. Any liability for damages is excluded insofar as they are not based on the intent or gross negligence of Richard Hauptmann GmbH &amp; Co. KG.<\/p>\n<p>Richard Hauptmann GmbH &amp; Co. KG reserves the right to change the content of its website at any time at its discretion and without giving prior notice.<\/p>\n<p>The website of Richard Hauptmann GmbH &amp; Co. KG contains links to other websites. Richard Hauptmann GmbH &amp; Co. KG is not responsible for the privacy policies and contents of those websites.<\/p>\n<p><strong>Realisation:<\/strong><\/p>\n<p><a href=\"http:\/\/www.noep.de\/\" target=\"_blank\" rel=\"noopener\">noep))) Screen + Foto Design<\/a><\/p>\n","protected":false},"excerpt":{"rendered":"<p>Imprint Published by: Richard Hauptmann GmbH &amp; Co. KG Herbartstra\u00dfe 5 D-28757 Bremen Tel.: +49 421 666 096 Fax: +49 421 666 084 eMail:\u00a0\u00a0 webmaster@r-hauptmann.de VAT<span class=\"excerpt-hellip\"> [\u2026]<\/span><\/p>\n","protected":false},"author":1,"featured_media":0,"parent":0,"menu_order":0,"comment_status":"closed","ping_status":"closed","template":"","meta":{"footnotes":""},"class_list":["post-553","page","type-page","status-publish","hentry"],"yoast_head":"<!-- This site is optimized with the Yoast SEO plugin v27.4 - https:\/\/yoast.com\/product\/yoast-seo-wordpress\/ -->\n<title>IMPRINT - Richard Hauptmann GmbH &amp; Co. KG Ingenieurb\u00fcro f\u00fcr industrielle W\u00e4rmetechnik und Anlagenbau<\/title>\n<meta name=\"robots\" content=\"index, follow, max-snippet:-1, max-image-preview:large, max-video-preview:-1\" \/>\n<link rel=\"canonical\" href=\"https:\/\/www.r-hauptmann.de\/en\/imprint\/\" \/>\n<meta property=\"og:locale\" content=\"en_US\" \/>\n<meta property=\"og:type\" content=\"article\" \/>\n<meta property=\"og:title\" content=\"IMPRINT - Richard Hauptmann GmbH &amp; Co. KG Ingenieurb\u00fcro f\u00fcr industrielle W\u00e4rmetechnik und Anlagenbau\" \/>\n<meta property=\"og:description\" content=\"Imprint Published by: Richard Hauptmann GmbH &amp; Co. KG Herbartstra\u00dfe 5 D-28757 Bremen Tel.: +49 421 666 096 Fax: +49 421 666 084 eMail:\u00a0\u00a0 webmaster@r-hauptmann.de VAT [\u2026]\" \/>\n<meta property=\"og:url\" content=\"https:\/\/www.r-hauptmann.de\/en\/imprint\/\" \/>\n<meta property=\"og:site_name\" content=\"Richard Hauptmann GmbH &amp; Co. KG Ingenieurb\u00fcro f\u00fcr industrielle W\u00e4rmetechnik und Anlagenbau\" \/>\n<meta property=\"article:modified_time\" content=\"2018-11-08T09:35:42+00:00\" \/>\n<meta name=\"twitter:card\" content=\"summary_large_image\" \/>\n<meta name=\"twitter:label1\" content=\"Est. reading time\" \/>\n\t<meta name=\"twitter:data1\" content=\"1 minute\" \/>\n<script type=\"application\/ld+json\" class=\"yoast-schema-graph\">{\"@context\":\"https:\\\/\\\/schema.org\",\"@graph\":[{\"@type\":\"WebPage\",\"@id\":\"https:\\\/\\\/www.r-hauptmann.de\\\/en\\\/imprint\\\/\",\"url\":\"https:\\\/\\\/www.r-hauptmann.de\\\/en\\\/imprint\\\/\",\"name\":\"IMPRINT - Richard Hauptmann GmbH &amp; Co. KG Ingenieurb\u00fcro f\u00fcr industrielle W\u00e4rmetechnik und Anlagenbau\",\"isPartOf\":{\"@id\":\"https:\\\/\\\/www.r-hauptmann.de\\\/en\\\/#website\"},\"datePublished\":\"2018-10-25T09:38:59+00:00\",\"dateModified\":\"2018-11-08T09:35:42+00:00\",\"breadcrumb\":{\"@id\":\"https:\\\/\\\/www.r-hauptmann.de\\\/en\\\/imprint\\\/#breadcrumb\"},\"inLanguage\":\"en-US\",\"potentialAction\":[{\"@type\":\"ReadAction\",\"target\":[\"https:\\\/\\\/www.r-hauptmann.de\\\/en\\\/imprint\\\/\"]}]},{\"@type\":\"BreadcrumbList\",\"@id\":\"https:\\\/\\\/www.r-hauptmann.de\\\/en\\\/imprint\\\/#breadcrumb\",\"itemListElement\":[{\"@type\":\"ListItem\",\"position\":1,\"name\":\"Startseite\",\"item\":\"https:\\\/\\\/www.r-hauptmann.de\\\/en\\\/\"},{\"@type\":\"ListItem\",\"position\":2,\"name\":\"IMPRINT\"}]},{\"@type\":\"WebSite\",\"@id\":\"https:\\\/\\\/www.r-hauptmann.de\\\/en\\\/#website\",\"url\":\"https:\\\/\\\/www.r-hauptmann.de\\\/en\\\/\",\"name\":\"Richard Hauptmann GmbH &amp; Co. KG Ingenieurb\u00fcro f\u00fcr industrielle W\u00e4rmetechnik und Anlagenbau\",\"description\":\"\",\"potentialAction\":[{\"@type\":\"SearchAction\",\"target\":{\"@type\":\"EntryPoint\",\"urlTemplate\":\"https:\\\/\\\/www.r-hauptmann.de\\\/en\\\/?s={search_term_string}\"},\"query-input\":{\"@type\":\"PropertyValueSpecification\",\"valueRequired\":true,\"valueName\":\"search_term_string\"}}],\"inLanguage\":\"en-US\"}]}<\/script>\n<!-- \/ Yoast SEO plugin. -->","yoast_head_json":{"title":"IMPRINT - Richard Hauptmann GmbH &amp; Co. KG Ingenieurb\u00fcro f\u00fcr industrielle W\u00e4rmetechnik und Anlagenbau","robots":{"index":"index","follow":"follow","max-snippet":"max-snippet:-1","max-image-preview":"max-image-preview:large","max-video-preview":"max-video-preview:-1"},"canonical":"https:\/\/www.r-hauptmann.de\/en\/imprint\/","og_locale":"en_US","og_type":"article","og_title":"IMPRINT - Richard Hauptmann GmbH &amp; Co. KG Ingenieurb\u00fcro f\u00fcr industrielle W\u00e4rmetechnik und Anlagenbau","og_description":"Imprint Published by: Richard Hauptmann GmbH &amp; Co. KG Herbartstra\u00dfe 5 D-28757 Bremen Tel.: +49 421 666 096 Fax: +49 421 666 084 eMail:\u00a0\u00a0 webmaster@r-hauptmann.de VAT [\u2026]","og_url":"https:\/\/www.r-hauptmann.de\/en\/imprint\/","og_site_name":"Richard Hauptmann GmbH &amp; Co. KG Ingenieurb\u00fcro f\u00fcr industrielle W\u00e4rmetechnik und Anlagenbau","article_modified_time":"2018-11-08T09:35:42+00:00","twitter_card":"summary_large_image","twitter_misc":{"Est. reading time":"1 minute"},"schema":{"@context":"https:\/\/schema.org","@graph":[{"@type":"WebPage","@id":"https:\/\/www.r-hauptmann.de\/en\/imprint\/","url":"https:\/\/www.r-hauptmann.de\/en\/imprint\/","name":"IMPRINT - Richard Hauptmann GmbH &amp; Co. KG Ingenieurb\u00fcro f\u00fcr industrielle W\u00e4rmetechnik und Anlagenbau","isPartOf":{"@id":"https:\/\/www.r-hauptmann.de\/en\/#website"},"datePublished":"2018-10-25T09:38:59+00:00","dateModified":"2018-11-08T09:35:42+00:00","breadcrumb":{"@id":"https:\/\/www.r-hauptmann.de\/en\/imprint\/#breadcrumb"},"inLanguage":"en-US","potentialAction":[{"@type":"ReadAction","target":["https:\/\/www.r-hauptmann.de\/en\/imprint\/"]}]},{"@type":"BreadcrumbList","@id":"https:\/\/www.r-hauptmann.de\/en\/imprint\/#breadcrumb","itemListElement":[{"@type":"ListItem","position":1,"name":"Startseite","item":"https:\/\/www.r-hauptmann.de\/en\/"},{"@type":"ListItem","position":2,"name":"IMPRINT"}]},{"@type":"WebSite","@id":"https:\/\/www.r-hauptmann.de\/en\/#website","url":"https:\/\/www.r-hauptmann.de\/en\/","name":"Richard Hauptmann GmbH &amp; Co. KG Ingenieurb\u00fcro f\u00fcr industrielle W\u00e4rmetechnik und Anlagenbau","description":"","potentialAction":[{"@type":"SearchAction","target":{"@type":"EntryPoint","urlTemplate":"https:\/\/www.r-hauptmann.de\/en\/?s={search_term_string}"},"query-input":{"@type":"PropertyValueSpecification","valueRequired":true,"valueName":"search_term_string"}}],"inLanguage":"en-US"}]}},"_links":{"self":[{"href":"https:\/\/www.r-hauptmann.de\/en\/wp-json\/wp\/v2\/pages\/553","targetHints":{"allow":["GET"]}}],"collection":[{"href":"https:\/\/www.r-hauptmann.de\/en\/wp-json\/wp\/v2\/pages"}],"about":[{"href":"https:\/\/www.r-hauptmann.de\/en\/wp-json\/wp\/v2\/types\/page"}],"author":[{"embeddable":true,"href":"https:\/\/www.r-hauptmann.de\/en\/wp-json\/wp\/v2\/users\/1"}],"replies":[{"embeddable":true,"href":"https:\/\/www.r-hauptmann.de\/en\/wp-json\/wp\/v2\/comments?post=553"}],"version-history":[{"count":5,"href":"https:\/\/www.r-hauptmann.de\/en\/wp-json\/wp\/v2\/pages\/553\/revisions"}],"predecessor-version":[{"id":698,"href":"https:\/\/www.r-hauptmann.de\/en\/wp-json\/wp\/v2\/pages\/553\/revisions\/698"}],"wp:attachment":[{"href":"https:\/\/www.r-hauptmann.de\/en\/wp-json\/wp\/v2\/media?parent=553"}],"curies":[{"name":"wp","href":"https:\/\/api.w.org\/{rel}","templated":true}]}}