{"id":574,"date":"2018-10-25T11:57:58","date_gmt":"2018-10-25T09:57:58","guid":{"rendered":"http:\/\/www.noep.de\/rhauptmann\/?page_id=574"},"modified":"2018-11-08T10:31:42","modified_gmt":"2018-11-08T09:31:42","slug":"accessories-peripheral-pevices","status":"publish","type":"page","link":"https:\/\/www.r-hauptmann.de\/en\/accessories-peripheral-pevices\/","title":{"rendered":"Accessories\/Peripheral Devices"},"content":{"rendered":"<h1>Accessories\/Peripheral Devices<\/h1>\n<p>We design and deliver complete peripheral equipment systems such as feed water tanks as high-or low-pressure steam models and steam accumulators, dryers or superheaters. Plants for condensate relaxation and recovery, fuel storage and distribution, waste water neutralisation, pressure boosting and compressed air supply. Chimney systems, etc.<\/p>\n<p>We also offer a complete range of items for boiler water treatment, such as treatment chemicals, scale inhibitors, pH regulators, etc.<\/p>\n","protected":false},"excerpt":{"rendered":"<p>Accessories\/Peripheral Devices We design and deliver complete peripheral equipment systems such as feed water tanks as high-or low-pressure steam models and steam accumulators, dryers or superheaters.<span class=\"excerpt-hellip\"> [\u2026]<\/span><\/p>\n","protected":false},"author":1,"featured_media":0,"parent":0,"menu_order":0,"comment_status":"closed","ping_status":"closed","template":"","meta":{"footnotes":""},"class_list":["post-574","page","type-page","status-publish","hentry"],"yoast_head":"<!-- This site is optimized with the Yoast SEO plugin v27.4 - https:\/\/yoast.com\/product\/yoast-seo-wordpress\/ -->\n<title>Accessories\/Peripheral Devices - Richard Hauptmann GmbH &amp; Co. KG Ingenieurb\u00fcro f\u00fcr industrielle W\u00e4rmetechnik und Anlagenbau<\/title>\n<meta name=\"robots\" content=\"index, follow, max-snippet:-1, max-image-preview:large, max-video-preview:-1\" \/>\n<link rel=\"canonical\" href=\"https:\/\/www.r-hauptmann.de\/en\/accessories-peripheral-pevices\/\" \/>\n<meta property=\"og:locale\" content=\"en_US\" \/>\n<meta property=\"og:type\" content=\"article\" \/>\n<meta property=\"og:title\" content=\"Accessories\/Peripheral Devices - Richard Hauptmann GmbH &amp; Co. KG Ingenieurb\u00fcro f\u00fcr industrielle W\u00e4rmetechnik und Anlagenbau\" \/>\n<meta property=\"og:description\" content=\"Accessories\/Peripheral Devices We design and deliver complete peripheral equipment systems such as feed water tanks as high-or low-pressure steam models and steam accumulators, dryers or superheaters. [\u2026]\" \/>\n<meta property=\"og:url\" content=\"https:\/\/www.r-hauptmann.de\/en\/accessories-peripheral-pevices\/\" \/>\n<meta property=\"og:site_name\" content=\"Richard Hauptmann GmbH &amp; Co. KG Ingenieurb\u00fcro f\u00fcr industrielle W\u00e4rmetechnik und Anlagenbau\" \/>\n<meta property=\"article:modified_time\" content=\"2018-11-08T09:31:42+00:00\" \/>\n<meta name=\"twitter:card\" content=\"summary_large_image\" \/>\n<script type=\"application\/ld+json\" class=\"yoast-schema-graph\">{\"@context\":\"https:\\\/\\\/schema.org\",\"@graph\":[{\"@type\":\"WebPage\",\"@id\":\"https:\\\/\\\/www.r-hauptmann.de\\\/en\\\/accessories-peripheral-pevices\\\/\",\"url\":\"https:\\\/\\\/www.r-hauptmann.de\\\/en\\\/accessories-peripheral-pevices\\\/\",\"name\":\"Accessories\\\/Peripheral Devices - Richard Hauptmann GmbH &amp; Co. KG Ingenieurb\u00fcro f\u00fcr industrielle W\u00e4rmetechnik und Anlagenbau\",\"isPartOf\":{\"@id\":\"https:\\\/\\\/www.r-hauptmann.de\\\/en\\\/#website\"},\"datePublished\":\"2018-10-25T09:57:58+00:00\",\"dateModified\":\"2018-11-08T09:31:42+00:00\",\"breadcrumb\":{\"@id\":\"https:\\\/\\\/www.r-hauptmann.de\\\/en\\\/accessories-peripheral-pevices\\\/#breadcrumb\"},\"inLanguage\":\"en-US\",\"potentialAction\":[{\"@type\":\"ReadAction\",\"target\":[\"https:\\\/\\\/www.r-hauptmann.de\\\/en\\\/accessories-peripheral-pevices\\\/\"]}]},{\"@type\":\"BreadcrumbList\",\"@id\":\"https:\\\/\\\/www.r-hauptmann.de\\\/en\\\/accessories-peripheral-pevices\\\/#breadcrumb\",\"itemListElement\":[{\"@type\":\"ListItem\",\"position\":1,\"name\":\"Startseite\",\"item\":\"https:\\\/\\\/www.r-hauptmann.de\\\/en\\\/\"},{\"@type\":\"ListItem\",\"position\":2,\"name\":\"Accessories\\\/Peripheral Devices\"}]},{\"@type\":\"WebSite\",\"@id\":\"https:\\\/\\\/www.r-hauptmann.de\\\/en\\\/#website\",\"url\":\"https:\\\/\\\/www.r-hauptmann.de\\\/en\\\/\",\"name\":\"Richard Hauptmann GmbH &amp; Co. KG Ingenieurb\u00fcro f\u00fcr industrielle W\u00e4rmetechnik und Anlagenbau\",\"description\":\"\",\"potentialAction\":[{\"@type\":\"SearchAction\",\"target\":{\"@type\":\"EntryPoint\",\"urlTemplate\":\"https:\\\/\\\/www.r-hauptmann.de\\\/en\\\/?s={search_term_string}\"},\"query-input\":{\"@type\":\"PropertyValueSpecification\",\"valueRequired\":true,\"valueName\":\"search_term_string\"}}],\"inLanguage\":\"en-US\"}]}<\/script>\n<!-- \/ Yoast SEO plugin. -->","yoast_head_json":{"title":"Accessories\/Peripheral Devices - Richard Hauptmann GmbH &amp; Co. KG Ingenieurb\u00fcro f\u00fcr industrielle W\u00e4rmetechnik und Anlagenbau","robots":{"index":"index","follow":"follow","max-snippet":"max-snippet:-1","max-image-preview":"max-image-preview:large","max-video-preview":"max-video-preview:-1"},"canonical":"https:\/\/www.r-hauptmann.de\/en\/accessories-peripheral-pevices\/","og_locale":"en_US","og_type":"article","og_title":"Accessories\/Peripheral Devices - Richard Hauptmann GmbH &amp; Co. KG Ingenieurb\u00fcro f\u00fcr industrielle W\u00e4rmetechnik und Anlagenbau","og_description":"Accessories\/Peripheral Devices We design and deliver complete peripheral equipment systems such as feed water tanks as high-or low-pressure steam models and steam accumulators, dryers or superheaters. [\u2026]","og_url":"https:\/\/www.r-hauptmann.de\/en\/accessories-peripheral-pevices\/","og_site_name":"Richard Hauptmann GmbH &amp; Co. KG Ingenieurb\u00fcro f\u00fcr industrielle W\u00e4rmetechnik und Anlagenbau","article_modified_time":"2018-11-08T09:31:42+00:00","twitter_card":"summary_large_image","schema":{"@context":"https:\/\/schema.org","@graph":[{"@type":"WebPage","@id":"https:\/\/www.r-hauptmann.de\/en\/accessories-peripheral-pevices\/","url":"https:\/\/www.r-hauptmann.de\/en\/accessories-peripheral-pevices\/","name":"Accessories\/Peripheral Devices - Richard Hauptmann GmbH &amp; Co. KG Ingenieurb\u00fcro f\u00fcr industrielle W\u00e4rmetechnik und Anlagenbau","isPartOf":{"@id":"https:\/\/www.r-hauptmann.de\/en\/#website"},"datePublished":"2018-10-25T09:57:58+00:00","dateModified":"2018-11-08T09:31:42+00:00","breadcrumb":{"@id":"https:\/\/www.r-hauptmann.de\/en\/accessories-peripheral-pevices\/#breadcrumb"},"inLanguage":"en-US","potentialAction":[{"@type":"ReadAction","target":["https:\/\/www.r-hauptmann.de\/en\/accessories-peripheral-pevices\/"]}]},{"@type":"BreadcrumbList","@id":"https:\/\/www.r-hauptmann.de\/en\/accessories-peripheral-pevices\/#breadcrumb","itemListElement":[{"@type":"ListItem","position":1,"name":"Startseite","item":"https:\/\/www.r-hauptmann.de\/en\/"},{"@type":"ListItem","position":2,"name":"Accessories\/Peripheral Devices"}]},{"@type":"WebSite","@id":"https:\/\/www.r-hauptmann.de\/en\/#website","url":"https:\/\/www.r-hauptmann.de\/en\/","name":"Richard Hauptmann GmbH &amp; Co. KG Ingenieurb\u00fcro f\u00fcr industrielle W\u00e4rmetechnik und Anlagenbau","description":"","potentialAction":[{"@type":"SearchAction","target":{"@type":"EntryPoint","urlTemplate":"https:\/\/www.r-hauptmann.de\/en\/?s={search_term_string}"},"query-input":{"@type":"PropertyValueSpecification","valueRequired":true,"valueName":"search_term_string"}}],"inLanguage":"en-US"}]}},"_links":{"self":[{"href":"https:\/\/www.r-hauptmann.de\/en\/wp-json\/wp\/v2\/pages\/574","targetHints":{"allow":["GET"]}}],"collection":[{"href":"https:\/\/www.r-hauptmann.de\/en\/wp-json\/wp\/v2\/pages"}],"about":[{"href":"https:\/\/www.r-hauptmann.de\/en\/wp-json\/wp\/v2\/types\/page"}],"author":[{"embeddable":true,"href":"https:\/\/www.r-hauptmann.de\/en\/wp-json\/wp\/v2\/users\/1"}],"replies":[{"embeddable":true,"href":"https:\/\/www.r-hauptmann.de\/en\/wp-json\/wp\/v2\/comments?post=574"}],"version-history":[{"count":4,"href":"https:\/\/www.r-hauptmann.de\/en\/wp-json\/wp\/v2\/pages\/574\/revisions"}],"predecessor-version":[{"id":674,"href":"https:\/\/www.r-hauptmann.de\/en\/wp-json\/wp\/v2\/pages\/574\/revisions\/674"}],"wp:attachment":[{"href":"https:\/\/www.r-hauptmann.de\/en\/wp-json\/wp\/v2\/media?parent=574"}],"curies":[{"name":"wp","href":"https:\/\/api.w.org\/{rel}","templated":true}]}}