{"id":582,"date":"2018-10-25T12:16:37","date_gmt":"2018-10-25T10:16:37","guid":{"rendered":"http:\/\/www.noep.de\/rhauptmann\/?page_id=582"},"modified":"2018-11-08T10:33:35","modified_gmt":"2018-11-08T09:33:35","slug":"building-material-industry","status":"publish","type":"page","link":"https:\/\/www.r-hauptmann.de\/en\/building-material-industry\/","title":{"rendered":"Building Material Industry"},"content":{"rendered":"<h1>Building Material Industry<\/h1>\n<p>For over 15 years, we have been active in the field of heat engineering equipment for construction material plants for aerated concrete, lime sand bricks and other kinds of bricks.<\/p>\n<p>More than 15 construction material plants and over 180 autoclaves designed and completely thermotechnically equipped by Richard Hauptmann GmbH &amp; Co. KG demonstrate the wealth of experience we can draw on.<\/p>\n<p>Our self-developed autoclave control system offers a fully PLC-based control solution, allowing maximum flexibility. It comes with the instructions in English, French, Russian, Azerbaijani, Korean, Turkish, and other languages can be added to the system upon the request of the customer. The maximum fastest support, via remote maintenance, is available globally at any time.<\/p>\n<p>At the customer\u00b4s request, the equipment and documentation will be furnished with the customer\u00b4s own company name or logo.<\/p>\n<h4>The most important parameters of the technical specifications of our autoclave control:<\/h4>\n<ul>\n<li>Language selection (German, Russian, English, other languages on request)<\/li>\n<li>Scaling of all the sensors is possible by the user<\/li>\n<li>Monitoring of top and bottom, adjustable hysteresis<\/li>\n<li>Able to be connected to existing optical or acoustic alarms on site<\/li>\n<li>Automatic condensate drainage via multiple rod electrode<\/li>\n<li>Adjustability of a pressure-time curve for each autoclave<\/li>\n<li>Continuous recording of process data 24 hours a day for 30 days<\/li>\n<li>Complete logging of fault and alarm messages 24 hours a day for at least 30 days (depending on the memory)<\/li>\n<li>Documentation of production programs run over 24 hours a day for at least 30 days (depending on the memory)<\/li>\n<li>Access to all data via the Ethernet<\/li>\n<li>The documented data can be printed off using any printer or PC<\/li>\n<\/ul>\n","protected":false},"excerpt":{"rendered":"<p>Building Material Industry For over 15 years, we have been active in the field of heat engineering equipment for construction material plants for aerated concrete, lime<span class=\"excerpt-hellip\"> [\u2026]<\/span><\/p>\n","protected":false},"author":1,"featured_media":0,"parent":0,"menu_order":0,"comment_status":"closed","ping_status":"closed","template":"","meta":{"footnotes":""},"class_list":["post-582","page","type-page","status-publish","hentry"],"yoast_head":"<!-- This site is optimized with the Yoast SEO plugin v27.4 - https:\/\/yoast.com\/product\/yoast-seo-wordpress\/ -->\n<title>Building Material Industry - Richard Hauptmann GmbH &amp; Co. KG Ingenieurb\u00fcro f\u00fcr industrielle W\u00e4rmetechnik und Anlagenbau<\/title>\n<meta name=\"robots\" content=\"index, follow, max-snippet:-1, max-image-preview:large, max-video-preview:-1\" \/>\n<link rel=\"canonical\" href=\"https:\/\/www.r-hauptmann.de\/en\/building-material-industry\/\" \/>\n<meta property=\"og:locale\" content=\"en_US\" \/>\n<meta property=\"og:type\" content=\"article\" \/>\n<meta property=\"og:title\" content=\"Building Material Industry - Richard Hauptmann GmbH &amp; Co. KG Ingenieurb\u00fcro f\u00fcr industrielle W\u00e4rmetechnik und Anlagenbau\" \/>\n<meta property=\"og:description\" content=\"Building Material Industry For over 15 years, we have been active in the field of heat engineering equipment for construction material plants for aerated concrete, lime [\u2026]\" \/>\n<meta property=\"og:url\" content=\"https:\/\/www.r-hauptmann.de\/en\/building-material-industry\/\" \/>\n<meta property=\"og:site_name\" content=\"Richard Hauptmann GmbH &amp; Co. KG Ingenieurb\u00fcro f\u00fcr industrielle W\u00e4rmetechnik und Anlagenbau\" \/>\n<meta property=\"article:modified_time\" content=\"2018-11-08T09:33:35+00:00\" \/>\n<meta name=\"twitter:card\" content=\"summary_large_image\" \/>\n<meta name=\"twitter:label1\" content=\"Est. reading time\" \/>\n\t<meta name=\"twitter:data1\" content=\"1 minute\" \/>\n<script type=\"application\/ld+json\" class=\"yoast-schema-graph\">{\"@context\":\"https:\\\/\\\/schema.org\",\"@graph\":[{\"@type\":\"WebPage\",\"@id\":\"https:\\\/\\\/www.r-hauptmann.de\\\/en\\\/building-material-industry\\\/\",\"url\":\"https:\\\/\\\/www.r-hauptmann.de\\\/en\\\/building-material-industry\\\/\",\"name\":\"Building Material Industry - Richard Hauptmann GmbH &amp; Co. KG Ingenieurb\u00fcro f\u00fcr industrielle W\u00e4rmetechnik und Anlagenbau\",\"isPartOf\":{\"@id\":\"https:\\\/\\\/www.r-hauptmann.de\\\/en\\\/#website\"},\"datePublished\":\"2018-10-25T10:16:37+00:00\",\"dateModified\":\"2018-11-08T09:33:35+00:00\",\"breadcrumb\":{\"@id\":\"https:\\\/\\\/www.r-hauptmann.de\\\/en\\\/building-material-industry\\\/#breadcrumb\"},\"inLanguage\":\"en-US\",\"potentialAction\":[{\"@type\":\"ReadAction\",\"target\":[\"https:\\\/\\\/www.r-hauptmann.de\\\/en\\\/building-material-industry\\\/\"]}]},{\"@type\":\"BreadcrumbList\",\"@id\":\"https:\\\/\\\/www.r-hauptmann.de\\\/en\\\/building-material-industry\\\/#breadcrumb\",\"itemListElement\":[{\"@type\":\"ListItem\",\"position\":1,\"name\":\"Startseite\",\"item\":\"https:\\\/\\\/www.r-hauptmann.de\\\/en\\\/\"},{\"@type\":\"ListItem\",\"position\":2,\"name\":\"Building Material Industry\"}]},{\"@type\":\"WebSite\",\"@id\":\"https:\\\/\\\/www.r-hauptmann.de\\\/en\\\/#website\",\"url\":\"https:\\\/\\\/www.r-hauptmann.de\\\/en\\\/\",\"name\":\"Richard Hauptmann GmbH &amp; Co. KG Ingenieurb\u00fcro f\u00fcr industrielle W\u00e4rmetechnik und Anlagenbau\",\"description\":\"\",\"potentialAction\":[{\"@type\":\"SearchAction\",\"target\":{\"@type\":\"EntryPoint\",\"urlTemplate\":\"https:\\\/\\\/www.r-hauptmann.de\\\/en\\\/?s={search_term_string}\"},\"query-input\":{\"@type\":\"PropertyValueSpecification\",\"valueRequired\":true,\"valueName\":\"search_term_string\"}}],\"inLanguage\":\"en-US\"}]}<\/script>\n<!-- \/ Yoast SEO plugin. -->","yoast_head_json":{"title":"Building Material Industry - Richard Hauptmann GmbH &amp; Co. KG Ingenieurb\u00fcro f\u00fcr industrielle W\u00e4rmetechnik und Anlagenbau","robots":{"index":"index","follow":"follow","max-snippet":"max-snippet:-1","max-image-preview":"max-image-preview:large","max-video-preview":"max-video-preview:-1"},"canonical":"https:\/\/www.r-hauptmann.de\/en\/building-material-industry\/","og_locale":"en_US","og_type":"article","og_title":"Building Material Industry - Richard Hauptmann GmbH &amp; Co. KG Ingenieurb\u00fcro f\u00fcr industrielle W\u00e4rmetechnik und Anlagenbau","og_description":"Building Material Industry For over 15 years, we have been active in the field of heat engineering equipment for construction material plants for aerated concrete, lime [\u2026]","og_url":"https:\/\/www.r-hauptmann.de\/en\/building-material-industry\/","og_site_name":"Richard Hauptmann GmbH &amp; Co. KG Ingenieurb\u00fcro f\u00fcr industrielle W\u00e4rmetechnik und Anlagenbau","article_modified_time":"2018-11-08T09:33:35+00:00","twitter_card":"summary_large_image","twitter_misc":{"Est. reading time":"1 minute"},"schema":{"@context":"https:\/\/schema.org","@graph":[{"@type":"WebPage","@id":"https:\/\/www.r-hauptmann.de\/en\/building-material-industry\/","url":"https:\/\/www.r-hauptmann.de\/en\/building-material-industry\/","name":"Building Material Industry - Richard Hauptmann GmbH &amp; Co. KG Ingenieurb\u00fcro f\u00fcr industrielle W\u00e4rmetechnik und Anlagenbau","isPartOf":{"@id":"https:\/\/www.r-hauptmann.de\/en\/#website"},"datePublished":"2018-10-25T10:16:37+00:00","dateModified":"2018-11-08T09:33:35+00:00","breadcrumb":{"@id":"https:\/\/www.r-hauptmann.de\/en\/building-material-industry\/#breadcrumb"},"inLanguage":"en-US","potentialAction":[{"@type":"ReadAction","target":["https:\/\/www.r-hauptmann.de\/en\/building-material-industry\/"]}]},{"@type":"BreadcrumbList","@id":"https:\/\/www.r-hauptmann.de\/en\/building-material-industry\/#breadcrumb","itemListElement":[{"@type":"ListItem","position":1,"name":"Startseite","item":"https:\/\/www.r-hauptmann.de\/en\/"},{"@type":"ListItem","position":2,"name":"Building Material Industry"}]},{"@type":"WebSite","@id":"https:\/\/www.r-hauptmann.de\/en\/#website","url":"https:\/\/www.r-hauptmann.de\/en\/","name":"Richard Hauptmann GmbH &amp; Co. KG Ingenieurb\u00fcro f\u00fcr industrielle W\u00e4rmetechnik und Anlagenbau","description":"","potentialAction":[{"@type":"SearchAction","target":{"@type":"EntryPoint","urlTemplate":"https:\/\/www.r-hauptmann.de\/en\/?s={search_term_string}"},"query-input":{"@type":"PropertyValueSpecification","valueRequired":true,"valueName":"search_term_string"}}],"inLanguage":"en-US"}]}},"_links":{"self":[{"href":"https:\/\/www.r-hauptmann.de\/en\/wp-json\/wp\/v2\/pages\/582","targetHints":{"allow":["GET"]}}],"collection":[{"href":"https:\/\/www.r-hauptmann.de\/en\/wp-json\/wp\/v2\/pages"}],"about":[{"href":"https:\/\/www.r-hauptmann.de\/en\/wp-json\/wp\/v2\/types\/page"}],"author":[{"embeddable":true,"href":"https:\/\/www.r-hauptmann.de\/en\/wp-json\/wp\/v2\/users\/1"}],"replies":[{"embeddable":true,"href":"https:\/\/www.r-hauptmann.de\/en\/wp-json\/wp\/v2\/comments?post=582"}],"version-history":[{"count":6,"href":"https:\/\/www.r-hauptmann.de\/en\/wp-json\/wp\/v2\/pages\/582\/revisions"}],"predecessor-version":[{"id":680,"href":"https:\/\/www.r-hauptmann.de\/en\/wp-json\/wp\/v2\/pages\/582\/revisions\/680"}],"wp:attachment":[{"href":"https:\/\/www.r-hauptmann.de\/en\/wp-json\/wp\/v2\/media?parent=582"}],"curies":[{"name":"wp","href":"https:\/\/api.w.org\/{rel}","templated":true}]}}