{"id":600,"date":"2018-10-25T14:54:57","date_gmt":"2018-10-25T12:54:57","guid":{"rendered":"http:\/\/www.noep.de\/rhauptmann\/?page_id=600"},"modified":"2018-11-08T10:33:00","modified_gmt":"2018-11-08T09:33:00","slug":"boiler-chemicals","status":"publish","type":"page","link":"https:\/\/www.r-hauptmann.de\/en\/boiler-chemicals\/","title":{"rendered":"Boiler Chemicals"},"content":{"rendered":"<h1>Boiler Chemicals<\/h1>\n<p>The continuous monitoring and checking of boiler feed water and the use of appropriate and carefully dosed feed water conditioning agents are an important parameter of plant operation.<\/p>\n<p>The boiler chemistry is an important factor for\u00a0<strong>economical operation<\/strong>\u00a0in terms of volume of waste water, extra water, energy balance and the maintenance of the plant`s value.<\/p>\n<p>This is why we use our own product range of boiler chemicals which covers all needs, such as their use in food processing plants, the mining of existing deposits, and so on \u2013 and at highly<strong>competitive prices<\/strong>, too!<\/p>\n<p>Thanks to our on-site service, we will assist you with your water inspections or will analyse the samples you submit to us.<\/p>\n<h5>Talk to us \u2013 we would be happy to analyse your water samples and make you a non-binding offer.<\/h5>\n","protected":false},"excerpt":{"rendered":"<p>Boiler Chemicals The continuous monitoring and checking of boiler feed water and the use of appropriate and carefully dosed feed water conditioning agents are an important<span class=\"excerpt-hellip\"> [\u2026]<\/span><\/p>\n","protected":false},"author":1,"featured_media":0,"parent":0,"menu_order":0,"comment_status":"closed","ping_status":"closed","template":"","meta":{"footnotes":""},"class_list":["post-600","page","type-page","status-publish","hentry"],"yoast_head":"<!-- This site is optimized with the Yoast SEO plugin v27.4 - https:\/\/yoast.com\/product\/yoast-seo-wordpress\/ -->\n<title>Boiler Chemicals - Richard Hauptmann GmbH &amp; Co. KG Ingenieurb\u00fcro f\u00fcr industrielle W\u00e4rmetechnik und Anlagenbau<\/title>\n<meta name=\"robots\" content=\"index, follow, max-snippet:-1, max-image-preview:large, max-video-preview:-1\" \/>\n<link rel=\"canonical\" href=\"https:\/\/www.r-hauptmann.de\/en\/boiler-chemicals\/\" \/>\n<meta property=\"og:locale\" content=\"en_US\" \/>\n<meta property=\"og:type\" content=\"article\" \/>\n<meta property=\"og:title\" content=\"Boiler Chemicals - Richard Hauptmann GmbH &amp; Co. KG Ingenieurb\u00fcro f\u00fcr industrielle W\u00e4rmetechnik und Anlagenbau\" \/>\n<meta property=\"og:description\" content=\"Boiler Chemicals The continuous monitoring and checking of boiler feed water and the use of appropriate and carefully dosed feed water conditioning agents are an important [\u2026]\" \/>\n<meta property=\"og:url\" content=\"https:\/\/www.r-hauptmann.de\/en\/boiler-chemicals\/\" \/>\n<meta property=\"og:site_name\" content=\"Richard Hauptmann GmbH &amp; Co. KG Ingenieurb\u00fcro f\u00fcr industrielle W\u00e4rmetechnik und Anlagenbau\" \/>\n<meta property=\"article:modified_time\" content=\"2018-11-08T09:33:00+00:00\" \/>\n<meta name=\"twitter:card\" content=\"summary_large_image\" \/>\n<meta name=\"twitter:label1\" content=\"Est. reading time\" \/>\n\t<meta name=\"twitter:data1\" content=\"1 minute\" \/>\n<script type=\"application\/ld+json\" class=\"yoast-schema-graph\">{\"@context\":\"https:\\\/\\\/schema.org\",\"@graph\":[{\"@type\":\"WebPage\",\"@id\":\"https:\\\/\\\/www.r-hauptmann.de\\\/en\\\/boiler-chemicals\\\/\",\"url\":\"https:\\\/\\\/www.r-hauptmann.de\\\/en\\\/boiler-chemicals\\\/\",\"name\":\"Boiler Chemicals - Richard Hauptmann GmbH &amp; Co. KG Ingenieurb\u00fcro f\u00fcr industrielle W\u00e4rmetechnik und Anlagenbau\",\"isPartOf\":{\"@id\":\"https:\\\/\\\/www.r-hauptmann.de\\\/en\\\/#website\"},\"datePublished\":\"2018-10-25T12:54:57+00:00\",\"dateModified\":\"2018-11-08T09:33:00+00:00\",\"breadcrumb\":{\"@id\":\"https:\\\/\\\/www.r-hauptmann.de\\\/en\\\/boiler-chemicals\\\/#breadcrumb\"},\"inLanguage\":\"en-US\",\"potentialAction\":[{\"@type\":\"ReadAction\",\"target\":[\"https:\\\/\\\/www.r-hauptmann.de\\\/en\\\/boiler-chemicals\\\/\"]}]},{\"@type\":\"BreadcrumbList\",\"@id\":\"https:\\\/\\\/www.r-hauptmann.de\\\/en\\\/boiler-chemicals\\\/#breadcrumb\",\"itemListElement\":[{\"@type\":\"ListItem\",\"position\":1,\"name\":\"Startseite\",\"item\":\"https:\\\/\\\/www.r-hauptmann.de\\\/en\\\/\"},{\"@type\":\"ListItem\",\"position\":2,\"name\":\"Boiler Chemicals\"}]},{\"@type\":\"WebSite\",\"@id\":\"https:\\\/\\\/www.r-hauptmann.de\\\/en\\\/#website\",\"url\":\"https:\\\/\\\/www.r-hauptmann.de\\\/en\\\/\",\"name\":\"Richard Hauptmann GmbH &amp; Co. KG Ingenieurb\u00fcro f\u00fcr industrielle W\u00e4rmetechnik und Anlagenbau\",\"description\":\"\",\"potentialAction\":[{\"@type\":\"SearchAction\",\"target\":{\"@type\":\"EntryPoint\",\"urlTemplate\":\"https:\\\/\\\/www.r-hauptmann.de\\\/en\\\/?s={search_term_string}\"},\"query-input\":{\"@type\":\"PropertyValueSpecification\",\"valueRequired\":true,\"valueName\":\"search_term_string\"}}],\"inLanguage\":\"en-US\"}]}<\/script>\n<!-- \/ Yoast SEO plugin. -->","yoast_head_json":{"title":"Boiler Chemicals - Richard Hauptmann GmbH &amp; Co. KG Ingenieurb\u00fcro f\u00fcr industrielle W\u00e4rmetechnik und Anlagenbau","robots":{"index":"index","follow":"follow","max-snippet":"max-snippet:-1","max-image-preview":"max-image-preview:large","max-video-preview":"max-video-preview:-1"},"canonical":"https:\/\/www.r-hauptmann.de\/en\/boiler-chemicals\/","og_locale":"en_US","og_type":"article","og_title":"Boiler Chemicals - Richard Hauptmann GmbH &amp; Co. KG Ingenieurb\u00fcro f\u00fcr industrielle W\u00e4rmetechnik und Anlagenbau","og_description":"Boiler Chemicals The continuous monitoring and checking of boiler feed water and the use of appropriate and carefully dosed feed water conditioning agents are an important [\u2026]","og_url":"https:\/\/www.r-hauptmann.de\/en\/boiler-chemicals\/","og_site_name":"Richard Hauptmann GmbH &amp; Co. KG Ingenieurb\u00fcro f\u00fcr industrielle W\u00e4rmetechnik und Anlagenbau","article_modified_time":"2018-11-08T09:33:00+00:00","twitter_card":"summary_large_image","twitter_misc":{"Est. reading time":"1 minute"},"schema":{"@context":"https:\/\/schema.org","@graph":[{"@type":"WebPage","@id":"https:\/\/www.r-hauptmann.de\/en\/boiler-chemicals\/","url":"https:\/\/www.r-hauptmann.de\/en\/boiler-chemicals\/","name":"Boiler Chemicals - Richard Hauptmann GmbH &amp; Co. KG Ingenieurb\u00fcro f\u00fcr industrielle W\u00e4rmetechnik und Anlagenbau","isPartOf":{"@id":"https:\/\/www.r-hauptmann.de\/en\/#website"},"datePublished":"2018-10-25T12:54:57+00:00","dateModified":"2018-11-08T09:33:00+00:00","breadcrumb":{"@id":"https:\/\/www.r-hauptmann.de\/en\/boiler-chemicals\/#breadcrumb"},"inLanguage":"en-US","potentialAction":[{"@type":"ReadAction","target":["https:\/\/www.r-hauptmann.de\/en\/boiler-chemicals\/"]}]},{"@type":"BreadcrumbList","@id":"https:\/\/www.r-hauptmann.de\/en\/boiler-chemicals\/#breadcrumb","itemListElement":[{"@type":"ListItem","position":1,"name":"Startseite","item":"https:\/\/www.r-hauptmann.de\/en\/"},{"@type":"ListItem","position":2,"name":"Boiler Chemicals"}]},{"@type":"WebSite","@id":"https:\/\/www.r-hauptmann.de\/en\/#website","url":"https:\/\/www.r-hauptmann.de\/en\/","name":"Richard Hauptmann GmbH &amp; Co. KG Ingenieurb\u00fcro f\u00fcr industrielle W\u00e4rmetechnik und Anlagenbau","description":"","potentialAction":[{"@type":"SearchAction","target":{"@type":"EntryPoint","urlTemplate":"https:\/\/www.r-hauptmann.de\/en\/?s={search_term_string}"},"query-input":{"@type":"PropertyValueSpecification","valueRequired":true,"valueName":"search_term_string"}}],"inLanguage":"en-US"}]}},"_links":{"self":[{"href":"https:\/\/www.r-hauptmann.de\/en\/wp-json\/wp\/v2\/pages\/600","targetHints":{"allow":["GET"]}}],"collection":[{"href":"https:\/\/www.r-hauptmann.de\/en\/wp-json\/wp\/v2\/pages"}],"about":[{"href":"https:\/\/www.r-hauptmann.de\/en\/wp-json\/wp\/v2\/types\/page"}],"author":[{"embeddable":true,"href":"https:\/\/www.r-hauptmann.de\/en\/wp-json\/wp\/v2\/users\/1"}],"replies":[{"embeddable":true,"href":"https:\/\/www.r-hauptmann.de\/en\/wp-json\/wp\/v2\/comments?post=600"}],"version-history":[{"count":4,"href":"https:\/\/www.r-hauptmann.de\/en\/wp-json\/wp\/v2\/pages\/600\/revisions"}],"predecessor-version":[{"id":673,"href":"https:\/\/www.r-hauptmann.de\/en\/wp-json\/wp\/v2\/pages\/600\/revisions\/673"}],"wp:attachment":[{"href":"https:\/\/www.r-hauptmann.de\/en\/wp-json\/wp\/v2\/media?parent=600"}],"curies":[{"name":"wp","href":"https:\/\/api.w.org\/{rel}","templated":true}]}}